{"id":1716,"date":"2017-11-27T17:01:37","date_gmt":"2017-11-27T16:01:37","guid":{"rendered":"http:\/\/www.sensinet.se\/?page_id=1716"},"modified":"2023-02-14T11:09:53","modified_gmt":"2023-02-14T10:09:53","slug":"foretagsfakta","status":"publish","type":"page","link":"https:\/\/www.sensinet.se\/en\/foretagsfakta\/","title":{"rendered":"Company facts | contract terms"},"content":{"rendered":"<div id=\"pl-1716\"  class=\"panel-layout\" ><div id=\"pg-1716-0\"  class=\"panel-grid panel-has-style\" ><div style=\"padding: 0px 0; \" data-overlay=\"true\" data-overlay-color=\"#000000\" class=\"panel-row-style panel-row-style-for-1716-0\" ><div id=\"pgc-1716-0-0\"  class=\"panel-grid-cell panel-grid-cell-mobile-last\" ><div id=\"panel-1716-0-0-0\" class=\"so-panel widget widget_sow-editor panel-first-child panel-last-child\" data-index=\"0\" ><div style=\"text-align: left;\" data-title-color=\"#443f3f\" data-headings-color=\"#443f3f\" class=\"panel-widget-style panel-widget-style-for-1716-0-0-0\" ><div\n\t\t\t\n\t\t\tclass=\"so-widget-sow-editor so-widget-sow-editor-base\"\n\t\t\t\n\t\t>\n<div class=\"siteorigin-widget-tinymce textwidget\">\n\t<h5>Company facts<\/h5>\n<p>SensiNet AB<br \/> Janis Platbardis<br \/> M\u00e5rtensg\u00e5rd 39<br \/> SWEDEN \u2013 783 90 S\u00e4ter<\/p>\n<p>Tel: +46 225-535 70<br \/> Mob: +46 70-733 64 62<br \/> Fax: +46 225-535 72<br \/> E-mail: janis@sensinet.se, info@sensinet.se<br \/> Web: www.sensinet.se, www.termosense.se, www.radiosensorer.se<\/p>\n<p>Organization number: 556810-7568<br \/> VAT number: SE556810756801\u00a0\u00a0<\/p>\n<p>\u00a0<\/p>\n<\/div>\n<\/div><\/div><\/div><\/div><div id=\"pgc-1716-0-1\"  class=\"panel-grid-cell panel-grid-cell-empty\" ><\/div><\/div><\/div><div id=\"pg-1716-1\"  class=\"panel-grid panel-has-style\" ><div style=\"padding: 0px 0; \" data-overlay=\"true\" data-overlay-color=\"#000000\" class=\"panel-row-style panel-row-style-for-1716-1\" ><div id=\"pgc-1716-1-0\"  class=\"panel-grid-cell panel-grid-cell-mobile-last\" ><div id=\"panel-1716-1-0-0\" class=\"so-panel widget widget_sow-editor panel-first-child panel-last-child\" data-index=\"1\" ><div style=\"text-align: left;\" data-title-color=\"#443f3f\" data-headings-color=\"#443f3f\" class=\"panel-widget-style panel-widget-style-for-1716-1-0-0\" ><div\n\t\t\t\n\t\t\tclass=\"so-widget-sow-editor so-widget-sow-editor-base\"\n\t\t\t\n\t\t>\n<div class=\"siteorigin-widget-tinymce textwidget\">\n\t<h5>Terms of contract<\/h5>\n<p>The company use:<\/p>\n<ul>\n<li><em>General delivery terms NL09<\/em>, published in 2009 by DI (Confederation of Danish Industry), Denmark, Teknologiateollisuus - Technology industry, Finland, Norsk Industri, Norway, and Teknikf\u00f6retagen (the Association of Swedish Engineering Industries), Sweden.<\/li>\n<li>SensiNet AB's supplementary terms for sensors, <a href=\"https:\/\/www.sensinet.se\/wp-content\/uploads\/2023\/02\/Avtalsvillkor-TermoSense-2014-02-01.pdf\" target=\"_blank\" rel=\"noopener\">&gt; <em>Terms of Agreement 2014-02-01<\/em> (PDF)<\/a><\/li>\n<\/ul>\n<\/div>\n<\/div><\/div><\/div><\/div><div id=\"pgc-1716-1-1\"  class=\"panel-grid-cell panel-grid-cell-empty\" ><\/div><\/div><\/div><\/div>","protected":false},"excerpt":{"rendered":"<p>F\u00f6retagsfakta SensiNet AB Janis Platbardis M\u00e5rtensg\u00e5rd 39 SE \u2013 783 90 S\u00e4ter Tel: +46 225-535 70 Mob: +46 70-733 64 62 Fax: [&hellip;]<\/p>\n","protected":false},"author":1,"featured_media":0,"parent":0,"menu_order":0,"comment_status":"closed","ping_status":"closed","template":"page-templates\/page_fullwidth.php","meta":{"_monsterinsights_skip_tracking":false,"_monsterinsights_sitenote_active":false,"_monsterinsights_sitenote_note":"","_monsterinsights_sitenote_category":0,"ngg_post_thumbnail":0,"footnotes":""},"class_list":["post-1716","page","type-page","status-publish","hentry"],"_links":{"self":[{"href":"https:\/\/www.sensinet.se\/en\/wp-json\/wp\/v2\/pages\/1716","targetHints":{"allow":["GET"]}}],"collection":[{"href":"https:\/\/www.sensinet.se\/en\/wp-json\/wp\/v2\/pages"}],"about":[{"href":"https:\/\/www.sensinet.se\/en\/wp-json\/wp\/v2\/types\/page"}],"author":[{"embeddable":true,"href":"https:\/\/www.sensinet.se\/en\/wp-json\/wp\/v2\/users\/1"}],"replies":[{"embeddable":true,"href":"https:\/\/www.sensinet.se\/en\/wp-json\/wp\/v2\/comments?post=1716"}],"version-history":[{"count":38,"href":"https:\/\/www.sensinet.se\/en\/wp-json\/wp\/v2\/pages\/1716\/revisions"}],"predecessor-version":[{"id":4846,"href":"https:\/\/www.sensinet.se\/en\/wp-json\/wp\/v2\/pages\/1716\/revisions\/4846"}],"wp:attachment":[{"href":"https:\/\/www.sensinet.se\/en\/wp-json\/wp\/v2\/media?parent=1716"}],"curies":[{"name":"wp","href":"https:\/\/api.w.org\/{rel}","templated":true}]}}