{"id":1999,"date":"2018-02-06T14:28:22","date_gmt":"2018-02-06T13:28:22","guid":{"rendered":"http:\/\/www.sensinet.se\/?page_id=1999"},"modified":"2018-02-14T11:17:26","modified_gmt":"2018-02-14T10:17:26","slug":"tsi","status":"publish","type":"page","link":"https:\/\/www.sensinet.se\/en\/tsi\/","title":{"rendered":"TSI \u2013 TermoSense Internet"},"content":{"rendered":"<div id=\"pl-1999\"  class=\"panel-layout\" ><div id=\"pg-1999-0\"  class=\"panel-grid panel-has-style\" ><div style=\"padding: 0px 0; \" data-overlay=\"true\" data-overlay-color=\"#000000\" class=\"panel-row-style panel-row-style-for-1999-0\" ><div id=\"pgc-1999-0-0\"  class=\"panel-grid-cell panel-grid-cell-mobile-last\" ><div id=\"panel-1999-0-0-0\" class=\"so-panel widget widget_sow-editor panel-first-child panel-last-child\" data-index=\"0\" ><div style=\"text-align: left;\" data-title-color=\"#443f3f\" data-headings-color=\"#443f3f\" class=\"panel-widget-style panel-widget-style-for-1999-0-0-0\" ><div\n\t\t\t\n\t\t\tclass=\"so-widget-sow-editor so-widget-sow-editor-base\"\n\t\t\t\n\t\t>\n<div class=\"siteorigin-widget-tinymce textwidget\">\n\t<p>TSI is the application that gives you own web pages with a full view of your facility, both in the present and historically.<br \/> TSI shows among other things:<\/p>\n<ul>\n<li>Current overview, including alarms<\/li>\n<li>Alarm reports<\/li>\n<li>Transmitting activities<\/li>\n<li>History and comparison chart<\/li>\n<li>Export function for Excel<\/li>\n<li>Documentation<\/li>\n<\/ul>\n<\/div>\n<\/div><\/div><\/div><\/div><div id=\"pgc-1999-0-1\"  class=\"panel-grid-cell panel-grid-cell-empty\" ><\/div><\/div><\/div><div id=\"pg-1999-1\"  class=\"panel-grid panel-has-style\" ><div style=\"padding: 40px 0; \" data-overlay=\"true\" data-overlay-color=\"#000000\" class=\"panel-row-style panel-row-style-for-1999-1\" ><div id=\"pgc-1999-1-0\"  class=\"panel-grid-cell\" ><div id=\"panel-1999-1-0-0\" class=\"so-panel widget widget_sow-button panel-first-child panel-last-child\" data-index=\"1\" ><div style=\"text-align: left;\" data-title-color=\"#443f3f\" data-headings-color=\"#443f3f\" class=\"panel-widget-style panel-widget-style-for-1999-1-0-0\" ><div\n\t\t\t\n\t\t\tclass=\"so-widget-sow-button so-widget-sow-button-flat-56c8a8b76575-1999\"\n\t\t\t\n\t\t><div class=\"ow-button-base ow-button-align-center\"\n>\n\t\t\t<a\n\t\t\t\t\thref=\"https:\/\/tsi.termosense.com\/\"\n\t\t\t\t\tclass=\"sowb-button ow-icon-placement-left ow-button-hover\" target=\"_blank\" rel=\"noopener noreferrer\" \t>\n\t\t<span>\n\t\t\t\n\t\t\tTSI login\t\t<\/span>\n\t\t\t<\/a>\n\t<\/div>\n<\/div><\/div><\/div><\/div><div id=\"pgc-1999-1-1\"  class=\"panel-grid-cell\" ><div id=\"panel-1999-1-1-0\" class=\"so-panel widget widget_sow-editor panel-first-child panel-last-child\" data-index=\"2\" ><div style=\"text-align: left;\" data-title-color=\"#443f3f\" data-headings-color=\"#443f3f\" class=\"panel-widget-style panel-widget-style-for-1999-1-1-0\" ><div\n\t\t\t\n\t\t\tclass=\"so-widget-sow-editor so-widget-sow-editor-base\"\n\t\t\t\n\t\t>\n<div class=\"siteorigin-widget-tinymce textwidget\">\n\t<p>Forgot your login details?<br \/> <a href=\"http:\/\/www.sensinet.se\/en\/kontakt\/\">&gt; Contact us<\/a><\/p>\n<\/div>\n<\/div><\/div><\/div><\/div><\/div><\/div><\/div>","protected":false},"excerpt":{"rendered":"<p>TSI \u00e4r applikationen som ger dig egna webbsidor med full \u00f6verblick \u00f6ver din anl\u00e4ggning, b\u00e5de i nutid och historiskt. TSI visar bland [&hellip;]<\/p>\n","protected":false},"author":1,"featured_media":0,"parent":0,"menu_order":0,"comment_status":"closed","ping_status":"closed","template":"page-templates\/page_fullwidth.php","meta":{"_monsterinsights_skip_tracking":false,"_monsterinsights_sitenote_active":false,"_monsterinsights_sitenote_note":"","_monsterinsights_sitenote_category":0,"ngg_post_thumbnail":0,"footnotes":""},"class_list":["post-1999","page","type-page","status-publish","hentry"],"_links":{"self":[{"href":"https:\/\/www.sensinet.se\/en\/wp-json\/wp\/v2\/pages\/1999","targetHints":{"allow":["GET"]}}],"collection":[{"href":"https:\/\/www.sensinet.se\/en\/wp-json\/wp\/v2\/pages"}],"about":[{"href":"https:\/\/www.sensinet.se\/en\/wp-json\/wp\/v2\/types\/page"}],"author":[{"embeddable":true,"href":"https:\/\/www.sensinet.se\/en\/wp-json\/wp\/v2\/users\/1"}],"replies":[{"embeddable":true,"href":"https:\/\/www.sensinet.se\/en\/wp-json\/wp\/v2\/comments?post=1999"}],"version-history":[{"count":29,"href":"https:\/\/www.sensinet.se\/en\/wp-json\/wp\/v2\/pages\/1999\/revisions"}],"predecessor-version":[{"id":2076,"href":"https:\/\/www.sensinet.se\/en\/wp-json\/wp\/v2\/pages\/1999\/revisions\/2076"}],"wp:attachment":[{"href":"https:\/\/www.sensinet.se\/en\/wp-json\/wp\/v2\/media?parent=1999"}],"curies":[{"name":"wp","href":"https:\/\/api.w.org\/{rel}","templated":true}]}}