{"id":2511,"date":"2018-07-06T16:12:29","date_gmt":"2018-07-06T14:12:29","guid":{"rendered":"https:\/\/www.sensinet.se\/?page_id=2511"},"modified":"2018-09-27T12:02:03","modified_gmt":"2018-09-27T10:02:03","slug":"referens-sahlgrenska","status":"publish","type":"page","link":"https:\/\/www.sensinet.se\/en\/om\/referens-sahlgrenska\/","title":{"rendered":"Reference project Sahlgrenska Academy"},"content":{"rendered":"<div id=\"pl-2511\"  class=\"panel-layout\" ><div id=\"pg-2511-0\"  class=\"panel-grid panel-has-style\" ><div style=\"padding: 0px 0; \" data-overlay=\"true\" data-overlay-color=\"#000000\" class=\"panel-row-style panel-row-style-for-2511-0\" ><div id=\"pgc-2511-0-0\"  class=\"panel-grid-cell panel-grid-cell-mobile-last\" ><div id=\"panel-2511-0-0-0\" class=\"so-panel widget widget_sow-image panel-first-child panel-last-child\" data-index=\"0\" ><div style=\"text-align: left;\" data-title-color=\"#443f3f\" data-headings-color=\"#443f3f\" class=\"panel-widget-style panel-widget-style-for-2511-0-0-0\" ><div\n\t\t\t\n\t\t\tclass=\"so-widget-sow-image so-widget-sow-image-default-8b5b6f678277-2511\"\n\t\t\t\n\t\t>\n<div class=\"sow-image-container\">\n\t\t<img \n\tsrc=\"https:\/\/www.sensinet.se\/wp-content\/uploads\/2018\/07\/logo_GU-SA_2.png\" width=\"350\" height=\"54\" srcset=\"https:\/\/www.sensinet.se\/wp-content\/uploads\/2018\/07\/logo_GU-SA_2.png 350w, https:\/\/www.sensinet.se\/wp-content\/uploads\/2018\/07\/logo_GU-SA_2-300x46.png 300w, https:\/\/www.sensinet.se\/wp-content\/uploads\/2018\/07\/logo_GU-SA_2-230x35.png 230w\" sizes=\"(max-width: 350px) 100vw, 350px\" title=\"Sahlgenska Akademin\" alt=\"\" \t\tclass=\"so-widget-image\"\/>\n\t<\/div>\n\n<\/div><\/div><\/div><\/div><div id=\"pgc-2511-0-1\"  class=\"panel-grid-cell panel-grid-cell-empty\" ><div class=\"panel-cell-style panel-cell-style-for-2511-0-1\" ><\/div><\/div><\/div><\/div><div id=\"pg-2511-1\"  class=\"panel-grid panel-has-style\" ><div style=\"padding: 0px 0; \" data-overlay=\"true\" data-overlay-color=\"#000000\" class=\"panel-row-style panel-row-style-for-2511-1\" ><div id=\"pgc-2511-1-0\"  class=\"panel-grid-cell panel-grid-cell-mobile-last\" ><div class=\"panel-cell-style panel-cell-style-for-2511-1-0\" ><div id=\"panel-2511-1-0-0\" class=\"so-panel widget widget_sow-editor panel-first-child panel-last-child\" data-index=\"1\" ><div style=\"text-align: left;\" data-title-color=\"#443f3f\" data-headings-color=\"#443f3f\" class=\"panel-widget-style panel-widget-style-for-2511-1-0-0\" ><div\n\t\t\t\n\t\t\tclass=\"so-widget-sow-editor so-widget-sow-editor-base\"\n\t\t\t\n\t\t>\n<div class=\"siteorigin-widget-tinymce textwidget\">\n\t<p>University of Gothenburg, Sahlgrenska Academy had problems with refrigeration and freezer units that sometimes became too warm due to open doors, need for defrosting, overloaded \/ deteriorating compressors, and more. This, in turn, made valuable biomaterial from research lost.<\/p>\n<p>The Sahlgrenska Academy then installed a TermoSense\u00ae system from SensiNet. The system consists of a number of wireless temperature sensors placed in and in connection with the Academy's refrigeration and freezing units (fridge \/ freezer, -80 \u00b0 freezer, coldstore, etc.). The sensors have wireless contact with a base station which monitors and ensures that alarms are sent by SMS to the concerned parties, as temperatures deviate from set limits during defined time span, and that measured values are continuously stored in the system as a basis for statistics and action plans.<\/p>\n<p>With the installation of TermoSense\u00ae, several critical hidden faults were discovered. Analyzes were made - advice and tips were obtained. The situations have been specially monitored and the measures have been followed up. Invaluable biomaterials are secured through discovery of hidden fault conditions and active risk minimization.<\/p>\n<\/div>\n<\/div><\/div><\/div><\/div><\/div><div id=\"pgc-2511-1-1\"  class=\"panel-grid-cell panel-grid-cell-empty\" ><div class=\"panel-cell-style panel-cell-style-for-2511-1-1\" ><\/div><\/div><\/div><\/div><div id=\"pg-2511-2\"  class=\"panel-grid panel-has-style\" ><div style=\"padding: 0px 0; \" data-overlay=\"true\" data-overlay-color=\"#000000\" class=\"panel-row-style panel-row-style-for-2511-2\" ><div id=\"pgc-2511-2-0\"  class=\"panel-grid-cell panel-grid-cell-mobile-last\" ><div class=\"panel-cell-style panel-cell-style-for-2511-2-0\" ><div id=\"panel-2511-2-0-0\" class=\"so-panel widget widget_sow-editor panel-first-child panel-last-child\" data-index=\"2\" ><div style=\"text-align: left;\" data-title-color=\"#443f3f\" data-headings-color=\"#443f3f\" class=\"panel-widget-style panel-widget-style-for-2511-2-0-0\" ><div\n\t\t\t\n\t\t\tclass=\"so-widget-sow-editor so-widget-sow-editor-base\"\n\t\t\t\n\t\t>\n<div class=\"siteorigin-widget-tinymce textwidget\">\n\t<p><strong>What does the customer say?<\/strong>\ufffc<\/p>\n<\/div>\n<\/div><\/div><\/div><\/div><\/div><div id=\"pgc-2511-2-1\"  class=\"panel-grid-cell panel-grid-cell-empty\" ><div class=\"panel-cell-style panel-cell-style-for-2511-2-1\" ><\/div><\/div><\/div><\/div><div id=\"pg-2511-3\"  class=\"panel-grid panel-has-style\" ><div style=\"padding: 0px 0; \" data-overlay=\"true\" data-overlay-color=\"#000000\" class=\"panel-row-style panel-row-style-for-2511-3\" ><div id=\"pgc-2511-3-0\"  class=\"panel-grid-cell\" ><div class=\"panel-cell-style panel-cell-style-for-2511-3-0\" ><div id=\"panel-2511-3-0-0\" class=\"so-panel widget widget_sow-editor panel-first-child panel-last-child\" data-index=\"3\" ><div style=\"text-align: left;\" data-title-color=\"#443f3f\" data-headings-color=\"#443f3f\" class=\"panel-widget-style panel-widget-style-for-2511-3-0-0\" ><div\n\t\t\t\n\t\t\tclass=\"so-widget-sow-editor so-widget-sow-editor-base\"\n\t\t\t\n\t\t>\n<div class=\"siteorigin-widget-tinymce textwidget\">\n\t<p>\u201cIt is convenient to be able to store material in the laboratory and still have it monitored, and you save time by having valuable pharmacological preparations close at hand. Several of my colleagues have previously suffered from losing research samples. Even the research itself can be quality assured with the help of the sensors. Sometimes experiments have given strange results. Surveys showed that there were incorrect conditions because the light was accidentally lit 24 hours a day. These are examples of conditions that can be improved by monitoring and quality assurance with wireless sensors. Besides temperature so are moisture, lighting, ammonia interesting. Yes, all you can measure is worth checking out! \"<\/p>\n<p>With this, the Sahlgrenska Academy has a significantly higher operational reliability and operating economy for its refrigeration and freezing units.<\/p>\n<\/div>\n<\/div><\/div><\/div><\/div><\/div><div id=\"pgc-2511-3-1\"  class=\"panel-grid-cell\" ><div class=\"panel-cell-style panel-cell-style-for-2511-3-1\" ><div id=\"panel-2511-3-1-0\" class=\"so-panel widget widget_siteorigin-panels-builder panel-first-child panel-last-child\" data-index=\"4\" ><div style=\"text-align: left;\" data-title-color=\"#443f3f\" data-headings-color=\"#443f3f\" class=\"panel-widget-style panel-widget-style-for-2511-3-1-0\" ><div id=\"pl-w5baca81774cac\"  class=\"panel-layout\" ><div id=\"pg-w5baca81774cac-0\"  class=\"panel-grid panel-has-style\" ><div style=\"padding: 0px 0; \" data-overlay=\"true\" data-overlay-color=\"#000000\" class=\"panel-row-style panel-row-style-for-w5baca81774cac-0\" ><div id=\"pgc-w5baca81774cac-0-0\"  class=\"panel-grid-cell\" ><div id=\"panel-w5baca81774cac-0-0-0\" class=\"so-panel widget widget_sow-image panel-first-child panel-last-child\" data-index=\"0\" ><div style=\"text-align: left;\" data-title-color=\"#443f3f\" data-headings-color=\"#443f3f\" class=\"panel-widget-style panel-widget-style-for-w5baca81774cac-0-0-0\" ><div\n\t\t\t\n\t\t\tclass=\"so-widget-sow-image so-widget-sow-image-default-8b5b6f678277\"\n\t\t\t\n\t\t>\n<div class=\"sow-image-container\">\n\t\t<img \n\tsrc=\"https:\/\/www.sensinet.se\/wp-content\/uploads\/2018\/09\/John-Olov-Jansson-300x225.jpg\" width=\"300\" height=\"225\" srcset=\"https:\/\/www.sensinet.se\/wp-content\/uploads\/2018\/09\/John-Olov-Jansson-300x225.jpg 300w, https:\/\/www.sensinet.se\/wp-content\/uploads\/2018\/09\/John-Olov-Jansson-230x173.jpg 230w, https:\/\/www.sensinet.se\/wp-content\/uploads\/2018\/09\/John-Olov-Jansson-350x263.jpg 350w, https:\/\/www.sensinet.se\/wp-content\/uploads\/2018\/09\/John-Olov-Jansson-480x360.jpg 480w, https:\/\/www.sensinet.se\/wp-content\/uploads\/2018\/09\/John-Olov-Jansson.jpg 600w\" sizes=\"(max-width: 300px) 100vw, 300px\" title=\"John-Olov Jansson\" alt=\"\" \t\tclass=\"so-widget-image\"\/>\n\t<\/div>\n\n<\/div><\/div><\/div><\/div><\/div><\/div><div id=\"pg-w5baca81774cac-1\"  class=\"panel-grid panel-has-style\" ><div style=\"padding: 0px 0; \" data-overlay=\"true\" data-overlay-color=\"#000000\" class=\"panel-row-style panel-row-style-for-w5baca81774cac-1\" ><div id=\"pgc-w5baca81774cac-1-0\"  class=\"panel-grid-cell\" ><div id=\"panel-w5baca81774cac-1-0-0\" class=\"so-panel widget widget_sow-editor panel-first-child panel-last-child\" data-index=\"1\" ><div style=\"text-align: left;\" data-title-color=\"#443f3f\" data-headings-color=\"#443f3f\" class=\"panel-widget-style panel-widget-style-for-w5baca81774cac-1-0-0\" ><div\n\t\t\t\n\t\t\tclass=\"so-widget-sow-editor so-widget-sow-editor-base\"\n\t\t\t\n\t\t>\n<div class=\"siteorigin-widget-tinymce textwidget\">\n\t<p>John-Olov Jansson, professor at the Sahlgrenska Academy, University of Gothenburg.<\/p>\n<\/div>\n<\/div><\/div><\/div><\/div><\/div><\/div><\/div><\/div><\/div><\/div><\/div><\/div><\/div><div id=\"pg-2511-4\"  class=\"panel-grid panel-has-style\" ><div style=\"text-align: center;padding: 0px 0; \" data-overlay=\"true\" data-overlay-color=\"#000000\" class=\"panel-row-style panel-row-style-for-2511-4\" ><div id=\"pgc-2511-4-0\"  class=\"panel-grid-cell\" ><div id=\"panel-2511-4-0-0\" class=\"so-panel widget widget_siteorigin-panels-builder panel-first-child panel-last-child\" data-index=\"5\" ><div style=\"text-align: center;\" data-title-color=\"#443f3f\" data-headings-color=\"#443f3f\" class=\"panel-widget-style panel-widget-style-for-2511-4-0-0\" ><div id=\"pl-w5bacaa9bc7b40\"  class=\"panel-layout\" ><div id=\"pg-w5bacaa9bc7b40-0\"  class=\"panel-grid panel-has-style\" ><div style=\"padding: 0px 0; \" data-overlay=\"true\" data-overlay-color=\"#000000\" class=\"panel-row-style panel-row-style-for-w5bacaa9bc7b40-0\" ><div id=\"pgc-w5bacaa9bc7b40-0-0\"  class=\"panel-grid-cell\" ><div id=\"panel-w5bacaa9bc7b40-0-0-0\" class=\"so-panel widget widget_sow-image panel-first-child panel-last-child\" data-index=\"0\" ><div style=\"text-align: center;\" data-title-color=\"#443f3f\" data-headings-color=\"#443f3f\" class=\"panel-widget-style panel-widget-style-for-w5bacaa9bc7b40-0-0-0\" ><div\n\t\t\t\n\t\t\tclass=\"so-widget-sow-image so-widget-sow-image-default-113ccd71f3e6\"\n\t\t\t\n\t\t>\n<div class=\"sow-image-container\">\n\t\t\t<a href=\"https:\/\/www.sensinet.se\/wp-content\/uploads\/2018\/09\/SensiNet-TermoSense-Sahlgrenska-Akademin-01.jpg\"\n\t\t\t\t\t>\n\t\t\t<img \n\tsrc=\"https:\/\/www.sensinet.se\/wp-content\/uploads\/2018\/09\/SensiNet-TermoSense-Sahlgrenska-Akademin-01-150x150.jpg\" width=\"150\" height=\"150\" sizes=\"(max-width: 150px) 100vw, 150px\" title=\"Sahlgrenska, Physiologist\" alt=\"SensiNet-TermoSense-Sahlgrenska-Akademin\" \t\tclass=\"so-widget-image\"\/>\n\t\t\t<\/a><\/div>\n\n<\/div><\/div><\/div><\/div><\/div><\/div><div id=\"pg-w5bacaa9bc7b40-1\"  class=\"panel-grid panel-has-style\" ><div style=\"padding: 0px 0; \" data-overlay=\"true\" data-overlay-color=\"#000000\" class=\"panel-row-style panel-row-style-for-w5bacaa9bc7b40-1\" ><div id=\"pgc-w5bacaa9bc7b40-1-0\"  class=\"panel-grid-cell\" ><div id=\"panel-w5bacaa9bc7b40-1-0-0\" class=\"so-panel widget widget_sow-editor panel-first-child panel-last-child\" data-index=\"1\" ><div style=\"text-align: center;\" data-title-color=\"#443f3f\" data-headings-color=\"#443f3f\" class=\"panel-widget-style panel-widget-style-for-w5bacaa9bc7b40-1-0-0\" ><div\n\t\t\t\n\t\t\tclass=\"so-widget-sow-editor so-widget-sow-editor-base\"\n\t\t\t\n\t\t>\n<div class=\"siteorigin-widget-tinymce textwidget\">\n\t<p>Sahlgrenska, Physiologist<\/p>\n<\/div>\n<\/div><\/div><\/div><\/div><\/div><\/div><\/div><\/div><\/div><\/div><div id=\"pgc-2511-4-1\"  class=\"panel-grid-cell\" ><div id=\"panel-2511-4-1-0\" class=\"so-panel widget widget_siteorigin-panels-builder panel-first-child panel-last-child\" data-index=\"6\" ><div style=\"text-align: center;\" data-title-color=\"#443f3f\" data-headings-color=\"#443f3f\" class=\"panel-widget-style panel-widget-style-for-2511-4-1-0\" ><div id=\"pl-w5bacaa9bca268\"  class=\"panel-layout\" ><div id=\"pg-w5bacaa9bca268-0\"  class=\"panel-grid panel-has-style\" ><div style=\"padding: 0px 0; \" data-overlay=\"true\" data-overlay-color=\"#000000\" class=\"panel-row-style panel-row-style-for-w5bacaa9bca268-0\" ><div id=\"pgc-w5bacaa9bca268-0-0\"  class=\"panel-grid-cell\" ><div id=\"panel-w5bacaa9bca268-0-0-0\" class=\"so-panel widget widget_sow-image panel-first-child panel-last-child\" data-index=\"0\" ><div style=\"text-align: center;\" data-title-color=\"#443f3f\" data-headings-color=\"#443f3f\" class=\"panel-widget-style panel-widget-style-for-w5bacaa9bca268-0-0-0\" ><div\n\t\t\t\n\t\t\tclass=\"so-widget-sow-image so-widget-sow-image-default-113ccd71f3e6\"\n\t\t\t\n\t\t>\n<div class=\"sow-image-container\">\n\t\t\t<a href=\"https:\/\/www.sensinet.se\/wp-content\/uploads\/2018\/09\/SensiNet-TermoSense-Sahlgrenska-Akademin-02.jpg\"\n\t\t\t\t\t>\n\t\t\t<img \n\tsrc=\"https:\/\/www.sensinet.se\/wp-content\/uploads\/2018\/09\/SensiNet-TermoSense-Sahlgrenska-Akademin-02-150x150.jpg\" width=\"150\" height=\"150\" sizes=\"(max-width: 150px) 100vw, 150px\" title=\"Sahlgrenska Academy\" alt=\"SensiNet-TermoSense-Sahlgrenska-Akademin-02\" \t\tclass=\"so-widget-image\"\/>\n\t\t\t<\/a><\/div>\n\n<\/div><\/div><\/div><\/div><\/div><\/div><div id=\"pg-w5bacaa9bca268-1\"  class=\"panel-grid panel-has-style\" ><div style=\"padding: 0px 0; \" data-overlay=\"true\" data-overlay-color=\"#000000\" class=\"panel-row-style panel-row-style-for-w5bacaa9bca268-1\" ><div id=\"pgc-w5bacaa9bca268-1-0\"  class=\"panel-grid-cell\" ><div id=\"panel-w5bacaa9bca268-1-0-0\" class=\"so-panel widget widget_sow-editor panel-first-child panel-last-child\" data-index=\"1\" ><div style=\"text-align: center;\" data-title-color=\"#443f3f\" data-headings-color=\"#443f3f\" class=\"panel-widget-style panel-widget-style-for-w5bacaa9bca268-1-0-0\" ><div\n\t\t\t\n\t\t\tclass=\"so-widget-sow-editor so-widget-sow-editor-base\"\n\t\t\t\n\t\t>\n<div class=\"siteorigin-widget-tinymce textwidget\">\n\t<p>Sahlgrenska Academy<\/p>\n<\/div>\n<\/div><\/div><\/div><\/div><\/div><\/div><\/div><\/div><\/div><\/div><div id=\"pgc-2511-4-2\"  class=\"panel-grid-cell\" ><div id=\"panel-2511-4-2-0\" class=\"so-panel widget widget_siteorigin-panels-builder panel-first-child panel-last-child\" data-index=\"7\" ><div style=\"text-align: center;\" data-title-color=\"#443f3f\" data-headings-color=\"#443f3f\" class=\"panel-widget-style panel-widget-style-for-2511-4-2-0\" ><div id=\"pl-w5baca9bb69c81\"  class=\"panel-layout\" ><div id=\"pg-w5baca9bb69c81-0\"  class=\"panel-grid panel-has-style\" ><div style=\"padding: 0px 0; \" data-overlay=\"true\" data-overlay-color=\"#000000\" class=\"panel-row-style panel-row-style-for-w5baca9bb69c81-0\" ><div id=\"pgc-w5baca9bb69c81-0-0\"  class=\"panel-grid-cell\" ><div id=\"panel-w5baca9bb69c81-0-0-0\" class=\"so-panel widget widget_sow-image panel-first-child panel-last-child\" data-index=\"0\" ><div style=\"text-align: center;\" data-title-color=\"#443f3f\" data-headings-color=\"#443f3f\" class=\"panel-widget-style panel-widget-style-for-w5baca9bb69c81-0-0-0\" ><div\n\t\t\t\n\t\t\tclass=\"so-widget-sow-image so-widget-sow-image-default-113ccd71f3e6\"\n\t\t\t\n\t\t>\n<div class=\"sow-image-container\">\n\t\t\t<a href=\"https:\/\/www.sensinet.se\/wp-content\/uploads\/2018\/09\/SensiNet-TermoSense-Sahlgrenska-Akademin-03.jpg\"\n\t\t\t\t\t>\n\t\t\t<img \n\tsrc=\"https:\/\/www.sensinet.se\/wp-content\/uploads\/2018\/09\/SensiNet-TermoSense-Sahlgrenska-Akademin-03-150x150.jpg\" width=\"150\" height=\"150\" sizes=\"(max-width: 150px) 100vw, 150px\" title=\"Stora labbet, basstation\" alt=\"SensiNet-TermoSense-Sahlgrenska-Akademin-03\" \t\tclass=\"so-widget-image\"\/>\n\t\t\t<\/a><\/div>\n\n<\/div><\/div><\/div><\/div><\/div><\/div><div id=\"pg-w5baca9bb69c81-1\"  class=\"panel-grid panel-has-style\" ><div style=\"padding: 0px 0; \" data-overlay=\"true\" data-overlay-color=\"#000000\" class=\"panel-row-style panel-row-style-for-w5baca9bb69c81-1\" ><div id=\"pgc-w5baca9bb69c81-1-0\"  class=\"panel-grid-cell\" ><div id=\"panel-w5baca9bb69c81-1-0-0\" class=\"so-panel widget widget_sow-editor panel-first-child panel-last-child\" data-index=\"1\" ><div style=\"text-align: center;\" data-title-color=\"#443f3f\" data-headings-color=\"#443f3f\" class=\"panel-widget-style panel-widget-style-for-w5baca9bb69c81-1-0-0\" ><div\n\t\t\t\n\t\t\tclass=\"so-widget-sow-editor so-widget-sow-editor-base\"\n\t\t\t\n\t\t>\n<div class=\"siteorigin-widget-tinymce textwidget\">\n\t<p>Sahlgrenska, Physiologist<\/p>\n<\/div>\n<\/div><\/div><\/div><\/div><\/div><\/div><\/div><\/div><\/div><\/div><div id=\"pgc-2511-4-3\"  class=\"panel-grid-cell\" ><div id=\"panel-2511-4-3-0\" class=\"so-panel widget widget_siteorigin-panels-builder panel-first-child panel-last-child\" data-index=\"8\" ><div style=\"text-align: center;\" data-title-color=\"#443f3f\" data-headings-color=\"#443f3f\" class=\"panel-widget-style panel-widget-style-for-2511-4-3-0\" ><div id=\"pl-w5bacaa9bcc537\"  class=\"panel-layout\" ><div id=\"pg-w5bacaa9bcc537-0\"  class=\"panel-grid panel-has-style\" ><div style=\"padding: 0px 0; \" data-overlay=\"true\" data-overlay-color=\"#000000\" class=\"panel-row-style panel-row-style-for-w5bacaa9bcc537-0\" ><div id=\"pgc-w5bacaa9bcc537-0-0\"  class=\"panel-grid-cell\" ><div id=\"panel-w5bacaa9bcc537-0-0-0\" class=\"so-panel widget widget_sow-image panel-first-child panel-last-child\" data-index=\"0\" ><div style=\"text-align: center;\" data-title-color=\"#443f3f\" data-headings-color=\"#443f3f\" class=\"panel-widget-style panel-widget-style-for-w5bacaa9bcc537-0-0-0\" ><div\n\t\t\t\n\t\t\tclass=\"so-widget-sow-image so-widget-sow-image-default-113ccd71f3e6\"\n\t\t\t\n\t\t>\n<div class=\"sow-image-container\">\n\t\t\t<a href=\"https:\/\/www.sensinet.se\/wp-content\/uploads\/2018\/09\/SensiNet-TermoSense-Sahlgrenska-Akademin-04.jpg\"\n\t\t\t\t\t>\n\t\t\t<img \n\tsrc=\"https:\/\/www.sensinet.se\/wp-content\/uploads\/2018\/09\/SensiNet-TermoSense-Sahlgrenska-Akademin-04-150x150.jpg\" width=\"150\" height=\"150\" sizes=\"(max-width: 150px) 100vw, 150px\" title=\"Temperatursensor i laboratoriekyl\" alt=\"Temperatursensor i laboratoriekyl\" \t\tclass=\"so-widget-image\"\/>\n\t\t\t<\/a><\/div>\n\n<\/div><\/div><\/div><\/div><\/div><\/div><div id=\"pg-w5bacaa9bcc537-1\"  class=\"panel-grid panel-has-style\" ><div style=\"padding: 0px 0; \" data-overlay=\"true\" data-overlay-color=\"#000000\" class=\"panel-row-style panel-row-style-for-w5bacaa9bcc537-1\" ><div id=\"pgc-w5bacaa9bcc537-1-0\"  class=\"panel-grid-cell\" ><div id=\"panel-w5bacaa9bcc537-1-0-0\" class=\"so-panel widget widget_sow-editor panel-first-child panel-last-child\" data-index=\"1\" ><div style=\"text-align: center;\" data-title-color=\"#443f3f\" data-headings-color=\"#443f3f\" class=\"panel-widget-style panel-widget-style-for-w5bacaa9bcc537-1-0-0\" ><div\n\t\t\t\n\t\t\tclass=\"so-widget-sow-editor so-widget-sow-editor-base\"\n\t\t\t\n\t\t>\n<div class=\"siteorigin-widget-tinymce textwidget\">\n\t<p>Sensor in laboratory fridge<\/p>\n<\/div>\n<\/div><\/div><\/div><\/div><\/div><\/div><\/div><\/div><\/div><\/div><\/div><\/div><\/div>","protected":false},"excerpt":{"rendered":"<p>G\u00f6teborgs Universitetet, Sahlgrenska Akademin hade problem med kyl- och frysenheter som ibland blev f\u00f6r varma p\u00e5 grund av \u00f6ppna d\u00f6rrar, behov av [&hellip;]<\/p>\n","protected":false},"author":1,"featured_media":0,"parent":53,"menu_order":0,"comment_status":"closed","ping_status":"closed","template":"page-templates\/page_fullwidth.php","meta":{"_monsterinsights_skip_tracking":false,"_monsterinsights_sitenote_active":false,"_monsterinsights_sitenote_note":"","_monsterinsights_sitenote_category":0,"ngg_post_thumbnail":0,"footnotes":""},"class_list":["post-2511","page","type-page","status-publish","hentry"],"_links":{"self":[{"href":"https:\/\/www.sensinet.se\/en\/wp-json\/wp\/v2\/pages\/2511","targetHints":{"allow":["GET"]}}],"collection":[{"href":"https:\/\/www.sensinet.se\/en\/wp-json\/wp\/v2\/pages"}],"about":[{"href":"https:\/\/www.sensinet.se\/en\/wp-json\/wp\/v2\/types\/page"}],"author":[{"embeddable":true,"href":"https:\/\/www.sensinet.se\/en\/wp-json\/wp\/v2\/users\/1"}],"replies":[{"embeddable":true,"href":"https:\/\/www.sensinet.se\/en\/wp-json\/wp\/v2\/comments?post=2511"}],"version-history":[{"count":66,"href":"https:\/\/www.sensinet.se\/en\/wp-json\/wp\/v2\/pages\/2511\/revisions"}],"predecessor-version":[{"id":2740,"href":"https:\/\/www.sensinet.se\/en\/wp-json\/wp\/v2\/pages\/2511\/revisions\/2740"}],"up":[{"embeddable":true,"href":"https:\/\/www.sensinet.se\/en\/wp-json\/wp\/v2\/pages\/53"}],"wp:attachment":[{"href":"https:\/\/www.sensinet.se\/en\/wp-json\/wp\/v2\/media?parent=2511"}],"curies":[{"name":"wp","href":"https:\/\/api.w.org\/{rel}","templated":true}]}}