{"id":51,"date":"2017-09-18T15:14:24","date_gmt":"2017-09-18T13:14:24","guid":{"rendered":"http:\/\/www.sensinet.se\/?page_id=51"},"modified":"2022-07-12T15:23:39","modified_gmt":"2022-07-12T13:23:39","slug":"system","status":"publish","type":"page","link":"https:\/\/www.sensinet.se\/en\/system_produkter\/system\/","title":{"rendered":"System overview"},"content":{"rendered":"<div id=\"pl-51\"  class=\"panel-layout\" ><div id=\"pg-51-0\"  class=\"panel-grid panel-has-style\" ><div style=\"padding: 0px 0; \" data-overlay=\"true\" data-overlay-color=\"#000000\" class=\"panel-row-style panel-row-style-for-51-0\" ><div id=\"pgc-51-0-0\"  class=\"panel-grid-cell panel-grid-cell-mobile-last\" ><div id=\"panel-51-0-0-0\" class=\"so-panel widget widget_sow-editor panel-first-child panel-last-child\" data-index=\"0\" ><div style=\"text-align: left;\" data-title-color=\"#443f3f\" data-headings-color=\"#443f3f\" class=\"panel-widget-style panel-widget-style-for-51-0-0-0\" ><div\n\t\t\t\n\t\t\tclass=\"so-widget-sow-editor so-widget-sow-editor-base\"\n\t\t\t\n\t\t>\n<div class=\"siteorigin-widget-tinymce textwidget\">\n\t<h5>TermoSense<sup>\u00ae<\/sup><\/h5>\n<p>TermoSense\u00ae is a wireless monitoring system that measures, reports, alarms, controls and records different types of conditions; temperature, humidity, lighting, water levels, air and refrigeration compressor conditions, ...<\/p>\n<p>Numerous sensors, up to thousands, can form complete systems where everything can be observed in real time on the Internet from a computer or mobile phone. At undesirable conditions, the system alerts via SMS to one or more mobile phones. The system also shows graphically the changes over time and provides monthly reports with statistics, analysis and forecasts.<\/p>\n<p>The system is highly scalable and easily adapted for both small and large plants. Thanks to being wireless, there is minimal impact on a plant's existing installations and spaces.<\/p>\n<p class=\"p1\">Benefits of the TermoSense\u00ae system:<\/p>\n<ul>\n<li class=\"p1\">As a customer with us you have your own TSI website on the Internet,, with status and statistics of the facility.<\/li>\n<li class=\"p1\">We will send you monthly reports with statistics, analysis and forecasts for the plant.<\/li>\n<li class=\"p1\">With service agreement, you are sure that SensiNet AB monitors the operation and ensures continuous functionality.<\/li>\n<li class=\"p1\">We also offer offline facilities, but then with limited opportunities for monitoring.<\/li>\n<li class=\"p1\">Telephone support and advice.<\/li>\n<\/ul>\n<p>Want to know more? <a href=\"http:\/\/www.sensinet.se\/en\/kontakt\/\"&nbsp;&nbsp;>&gt; Contact us!<\/a><\/p>\n<\/div>\n<\/div><\/div><\/div><\/div><div id=\"pgc-51-0-1\"  class=\"panel-grid-cell panel-grid-cell-empty\" ><\/div><\/div><\/div><div id=\"pg-51-1\"  class=\"panel-grid panel-has-style\" ><div style=\"padding: 0px 0; \" data-overlay=\"true\" data-overlay-color=\"#000000\" class=\"panel-row-style panel-row-style-for-51-1\" ><div id=\"pgc-51-1-0\"  class=\"panel-grid-cell panel-grid-cell-empty\" ><\/div><div id=\"pgc-51-1-1\"  class=\"panel-grid-cell panel-grid-cell-mobile-last\" ><div id=\"panel-51-1-1-0\" class=\"so-panel widget widget_sow-button panel-first-child panel-last-child\" data-index=\"1\" ><div style=\"text-align: left;\" data-title-color=\"#443f3f\" data-headings-color=\"#443f3f\" class=\"panel-widget-style panel-widget-style-for-51-1-1-0\" ><div\n\t\t\t\n\t\t\tclass=\"so-widget-sow-button so-widget-sow-button-flat-f54c0409268f-51\"\n\t\t\t\n\t\t><div class=\"ow-button-base ow-button-align-center\"\n>\n\t\t\t<a\n\t\t\t\t\thref=\"http:\/\/www.sensinet.se\/en\/system_produkter\/produkter\/\"\n\t\t\t\t\tclass=\"sowb-button ow-icon-placement-left ow-button-hover\" \t>\n\t\t<span>\n\t\t\t\n\t\t\tProducts\t\t<\/span>\n\t\t\t<\/a>\n\t<\/div>\n<\/div><\/div><\/div><\/div><div id=\"pgc-51-1-2\"  class=\"panel-grid-cell panel-grid-cell-empty\" ><\/div><\/div><\/div><div id=\"pg-51-2\"  class=\"panel-grid panel-has-style\" ><div style=\"padding: 0px 0; \" data-overlay=\"true\" data-overlay-color=\"#000000\" class=\"panel-row-style panel-row-style-for-51-2\" ><div id=\"pgc-51-2-0\"  class=\"panel-grid-cell panel-grid-cell-mobile-last\" ><div id=\"panel-51-2-0-0\" class=\"so-panel widget widget_sow-editor panel-first-child panel-last-child\" data-index=\"2\" ><div style=\"text-align: left;\" data-title-color=\"#443f3f\" data-headings-color=\"#443f3f\" class=\"panel-widget-style panel-widget-style-for-51-2-0-0\" ><div\n\t\t\t\n\t\t\tclass=\"so-widget-sow-editor so-widget-sow-editor-base\"\n\t\t\t\n\t\t>\n<div class=\"siteorigin-widget-tinymce textwidget\">\n\t<h5>Illustration - General TermoSense<sup>\u00ae<\/sup>-system<\/h5>\n<\/div>\n<\/div><\/div><\/div><\/div><div id=\"pgc-51-2-1\"  class=\"panel-grid-cell panel-grid-cell-empty\" ><\/div><\/div><\/div><div id=\"pg-51-3\"  class=\"panel-grid panel-has-style\" ><div style=\"padding: 0px 0; \" data-overlay=\"true\" data-overlay-color=\"#000000\" class=\"panel-row-style panel-row-style-for-51-3\" ><div id=\"pgc-51-3-0\"  class=\"panel-grid-cell panel-grid-cell-mobile-last\" ><div id=\"panel-51-3-0-0\" class=\"so-panel widget widget_sow-image panel-first-child panel-last-child\" data-index=\"3\" ><div style=\"text-align: left;\" data-title-color=\"#443f3f\" data-headings-color=\"#443f3f\" class=\"panel-widget-style panel-widget-style-for-51-3-0-0\" ><div\n\t\t\t\n\t\t\tclass=\"so-widget-sow-image so-widget-sow-image-default-8b5b6f678277-51\"\n\t\t\t\n\t\t>\n<div class=\"sow-image-container\">\n\t\t\t<a href=\"http:\/\/www.sensinet.se\/wp-content\/uploads\/2019\/10\/Generell-systemprincip-Termosense.jpeg\"\n\t\t\ttarget=\"_blank\" rel=\"noopener noreferrer\" \t\t>\n\t\t\t<img \n\tsrc=\"http:\/\/www.sensinet.se\/wp-content\/uploads\/2020\/01\/System-principle-General-e1578659994645.jpg\" width=\"300\" height=\"225\" sizes=\"(max-width: 300px) 100vw, 300px\" title=\"General system principle\" alt=\"\" \t\tclass=\"so-widget-image\"\/>\n\t\t\t<\/a><\/div>\n\n<\/div><\/div><\/div><\/div><div id=\"pgc-51-3-1\"  class=\"panel-grid-cell panel-grid-cell-empty\" ><\/div><\/div><\/div><div id=\"pg-51-4\"  class=\"panel-grid panel-has-style\" ><div style=\"padding: 0px 0; \" data-overlay=\"true\" data-overlay-color=\"#000000\" class=\"panel-row-style panel-row-style-for-51-4\" ><div id=\"pgc-51-4-0\"  class=\"panel-grid-cell panel-grid-cell-mobile-last\" ><div id=\"panel-51-4-0-0\" class=\"so-panel widget widget_sow-editor panel-first-child panel-last-child\" data-index=\"4\" ><div style=\"text-align: left;\" data-title-color=\"#443f3f\" data-headings-color=\"#443f3f\" class=\"panel-widget-style panel-widget-style-for-51-4-0-0\" ><div\n\t\t\t\n\t\t\tclass=\"so-widget-sow-editor so-widget-sow-editor-base\"\n\t\t\t\n\t\t>\n<div class=\"siteorigin-widget-tinymce textwidget\">\n\t<h5>Illustrations - Industry-specific TermoSense<sup>\u00ae<\/sup>-system<\/h5>\n<\/div>\n<\/div><\/div><\/div><\/div><div id=\"pgc-51-4-1\"  class=\"panel-grid-cell panel-grid-cell-empty\" ><\/div><\/div><\/div><div id=\"pg-51-5\"  class=\"panel-grid panel-has-style\" ><div style=\"padding: 0px 0; \" data-overlay=\"true\" data-overlay-color=\"#000000\" class=\"panel-row-style panel-row-style-for-51-5\" ><div id=\"pgc-51-5-0\"  class=\"panel-grid-cell\" ><div id=\"panel-51-5-0-0\" class=\"so-panel widget widget_sow-editor panel-first-child\" data-index=\"5\" ><div style=\"text-align: left;\" data-title-color=\"#443f3f\" data-headings-color=\"#443f3f\" class=\"panel-widget-style panel-widget-style-for-51-5-0-0\" ><div\n\t\t\t\n\t\t\tclass=\"so-widget-sow-editor so-widget-sow-editor-base\"\n\t\t\t\n\t\t>\n<div class=\"siteorigin-widget-tinymce textwidget\">\n\t<p><strong>Grocery<\/strong><\/p>\n<\/div>\n<\/div><\/div><\/div><div id=\"panel-51-5-0-1\" class=\"so-panel widget widget_sow-image panel-last-child\" data-index=\"6\" ><div style=\"text-align: left;\" data-title-color=\"#443f3f\" data-headings-color=\"#443f3f\" class=\"panel-widget-style panel-widget-style-for-51-5-0-1\" ><div\n\t\t\t\n\t\t\tclass=\"so-widget-sow-image so-widget-sow-image-default-8b5b6f678277-51\"\n\t\t\t\n\t\t>\n<div class=\"sow-image-container\">\n\t\t\t<a href=\"http:\/\/www.sensinet.se\/wp-content\/uploads\/2019\/10\/Systemprincip-Livsmedelsbutik.jpeg\"\n\t\t\ttarget=\"_blank\" rel=\"noopener noreferrer\" \t\t>\n\t\t\t<img \n\tsrc=\"https:\/\/www.sensinet.se\/wp-content\/uploads\/2019\/10\/Systemprincip-Livsmedelsbutik-300x225.jpeg\" width=\"300\" height=\"225\" srcset=\"\" sizes=\"(max-width: 300px) 100vw, 300px\" title=\"System principle, Grocery\" alt=\"\" \t\tclass=\"so-widget-image\" data-srcset=\"\"\/>\n\t\t\t<\/a><\/div>\n\n<\/div><\/div><\/div><\/div><div id=\"pgc-51-5-1\"  class=\"panel-grid-cell\" ><div id=\"panel-51-5-1-0\" class=\"so-panel widget widget_sow-editor panel-first-child\" data-index=\"7\" ><div style=\"text-align: left;\" data-title-color=\"#443f3f\" data-headings-color=\"#443f3f\" class=\"panel-widget-style panel-widget-style-for-51-5-1-0\" ><div\n\t\t\t\n\t\t\tclass=\"so-widget-sow-editor so-widget-sow-editor-base\"\n\t\t\t\n\t\t>\n<div class=\"siteorigin-widget-tinymce textwidget\">\n\t<p><strong>Laboratory<\/strong><\/p>\n<\/div>\n<\/div><\/div><\/div><div id=\"panel-51-5-1-1\" class=\"so-panel widget widget_sow-image panel-last-child\" data-index=\"8\" ><div style=\"text-align: left;\" data-title-color=\"#443f3f\" data-headings-color=\"#443f3f\" class=\"panel-widget-style panel-widget-style-for-51-5-1-1\" ><div\n\t\t\t\n\t\t\tclass=\"so-widget-sow-image so-widget-sow-image-default-8b5b6f678277-51\"\n\t\t\t\n\t\t>\n<div class=\"sow-image-container\">\n\t\t\t<a href=\"http:\/\/www.sensinet.se\/wp-content\/uploads\/2019\/10\/Systemprincip-Laboratorium.jpeg\"\n\t\t\ttarget=\"_blank\" rel=\"noopener noreferrer\" \t\t>\n\t\t\t<img \n\tsrc=\"https:\/\/www.sensinet.se\/wp-content\/uploads\/2019\/10\/Systemprincip-Laboratorium-300x225.jpeg\" width=\"300\" height=\"225\" srcset=\"\" sizes=\"(max-width: 300px) 100vw, 300px\" title=\"System principle, Laboratory\" alt=\"\" \t\tclass=\"so-widget-image\" data-srcset=\"\"\/>\n\t\t\t<\/a><\/div>\n\n<\/div><\/div><\/div><\/div><div id=\"pgc-51-5-2\"  class=\"panel-grid-cell\" ><div id=\"panel-51-5-2-0\" class=\"so-panel widget widget_sow-editor panel-first-child\" data-index=\"9\" ><div style=\"text-align: left;\" data-title-color=\"#443f3f\" data-headings-color=\"#443f3f\" class=\"panel-widget-style panel-widget-style-for-51-5-2-0\" ><div\n\t\t\t\n\t\t\tclass=\"so-widget-sow-editor so-widget-sow-editor-base\"\n\t\t\t\n\t\t>\n<div class=\"siteorigin-widget-tinymce textwidget\">\n\t<p><strong>Bus depot<\/strong><\/p>\n<\/div>\n<\/div><\/div><\/div><div id=\"panel-51-5-2-1\" class=\"so-panel widget widget_sow-image panel-last-child\" data-index=\"10\" ><div style=\"text-align: left;\" data-title-color=\"#443f3f\" data-headings-color=\"#443f3f\" class=\"panel-widget-style panel-widget-style-for-51-5-2-1\" ><div\n\t\t\t\n\t\t\tclass=\"so-widget-sow-image so-widget-sow-image-default-8b5b6f678277-51\"\n\t\t\t\n\t\t>\n<div class=\"sow-image-container\">\n\t\t\t<a href=\"http:\/\/www.sensinet.se\/wp-content\/uploads\/2019\/10\/Systemprincip-Bussdep\u00e5.jpeg\"\n\t\t\ttarget=\"_blank\" rel=\"noopener noreferrer\" \t\t>\n\t\t\t<img \n\tsrc=\"http:\/\/www.sensinet.se\/wp-content\/uploads\/2020\/01\/System-principle-Bus-depot-1.jpg\" width=\"300\" height=\"225\" srcset=\"https:\/\/www.sensinet.se\/wp-content\/uploads\/2020\/01\/System-principle-Bus-depot-1.jpg 1024w, https:\/\/www.sensinet.se\/wp-content\/uploads\/2020\/01\/System-principle-Bus-depot-1-300x225.jpg 300w, https:\/\/www.sensinet.se\/wp-content\/uploads\/2020\/01\/System-principle-Bus-depot-1-768x576.jpg 768w, https:\/\/www.sensinet.se\/wp-content\/uploads\/2020\/01\/System-principle-Bus-depot-1-830x623.jpg 830w, https:\/\/www.sensinet.se\/wp-content\/uploads\/2020\/01\/System-principle-Bus-depot-1-230x173.jpg 230w, https:\/\/www.sensinet.se\/wp-content\/uploads\/2020\/01\/System-principle-Bus-depot-1-350x263.jpg 350w, https:\/\/www.sensinet.se\/wp-content\/uploads\/2020\/01\/System-principle-Bus-depot-1-480x360.jpg 480w\" sizes=\"(max-width: 300px) 100vw, 300px\" title=\"System principle, Bus depot\" alt=\"\" \t\tclass=\"so-widget-image\"\/>\n\t\t\t<\/a><\/div>\n\n<\/div><\/div><\/div><\/div><\/div><\/div><div id=\"pg-51-6\"  class=\"panel-grid panel-has-style\" ><div style=\"padding: 10px 0; \" data-overlay=\"true\" data-overlay-color=\"#000000\" class=\"panel-row-style panel-row-style-for-51-6\" ><div id=\"pgc-51-6-0\"  class=\"panel-grid-cell panel-grid-cell-mobile-last\" ><div id=\"panel-51-6-0-0\" class=\"so-panel widget widget_sow-editor panel-first-child panel-last-child\" data-index=\"11\" ><div style=\"text-align: left;\" data-title-color=\"#443f3f\" data-headings-color=\"#443f3f\" class=\"panel-widget-style panel-widget-style-for-51-6-0-0\" ><div\n\t\t\t\n\t\t\tclass=\"so-widget-sow-editor so-widget-sow-editor-base\"\n\t\t\t\n\t\t>\n<div class=\"siteorigin-widget-tinymce textwidget\">\n\t<p>Read more about TermoSense\u00ae system for<br \/>\n<a href=\"http:\/\/www.sensinet.se\/en\/#matbutiker\">&gt; Grocery<\/a><br \/>\n<a href=\"http:\/\/www.sensinet.se\/en\/#laboratorier\">&gt; Laboratory<\/a><br \/>\n<a href=\"http:\/\/www.sensinet.se\/en\/#bussgarage\">&gt; Bus depot<\/a><\/p>\n<p class=\"translation-block\">Download flyers about TermoSense\u00ae system for<br>\n<a href=\"https:\/\/www.sensinet.se\/wp-content\/uploads\/2019\/11\/Flyer-Livsmedelsbutiker-1.4-EN.pdf\" target=\"_blank\" rel=\"noopener\">&gt; Grocery (PDF 0,8 MB)<\/a><br>\n<a href=\"https:\/\/www.sensinet.se\/wp-content\/uploads\/2019\/11\/Flyer-Laboratorium1.4-EN.pdf\" target=\"_blank\" rel=\"noopener\">&gt; Laboratory (PDF 0,7 MB)<\/a><br>\n<a href=\"https:\/\/www.sensinet.se\/wp-content\/uploads\/2019\/11\/Flyer-Bussgarage-v1.5-EN.pdf\" target=\"_blank\" rel=\"noopener\">&gt; Bus depot (PDF 0,7 MB)<\/a><\/p>\n<p><a href=\"#\"><img loading=\"lazy\" decoding=\"async\" class=\"alignnone wp-image-267 size-full\" title=\"upp\" src=\"\/wp-content\/uploads\/2017\/10\/up-arrow.png\" width=\"18\" height=\"18\"\/><\/a><\/p>\n<\/div>\n<\/div><\/div><\/div><\/div><div id=\"pgc-51-6-1\"  class=\"panel-grid-cell panel-grid-cell-empty\" ><\/div><\/div><\/div><\/div>","protected":false},"excerpt":{"rendered":"<p>TermoSense\u00ae TermoSense\u00ae \u00e4r ett tr\u00e5dl\u00f6st \u00f6vervakningssystem som m\u00e4ter, rapporterar, larmar, styr och journalf\u00f6r olika typer av tillst\u00e5nd; Temperatur, fukt, belysning, vattenniv\u00e5er, kylkompressortillst\u00e5nd, [&hellip;]<\/p>\n","protected":false},"author":1,"featured_media":0,"parent":43,"menu_order":0,"comment_status":"closed","ping_status":"closed","template":"page-templates\/page_fullwidth.php","meta":{"_monsterinsights_skip_tracking":false,"_monsterinsights_sitenote_active":false,"_monsterinsights_sitenote_note":"","_monsterinsights_sitenote_category":0,"ngg_post_thumbnail":0,"footnotes":""},"class_list":["post-51","page","type-page","status-publish","hentry"],"_links":{"self":[{"href":"https:\/\/www.sensinet.se\/en\/wp-json\/wp\/v2\/pages\/51","targetHints":{"allow":["GET"]}}],"collection":[{"href":"https:\/\/www.sensinet.se\/en\/wp-json\/wp\/v2\/pages"}],"about":[{"href":"https:\/\/www.sensinet.se\/en\/wp-json\/wp\/v2\/types\/page"}],"author":[{"embeddable":true,"href":"https:\/\/www.sensinet.se\/en\/wp-json\/wp\/v2\/users\/1"}],"replies":[{"embeddable":true,"href":"https:\/\/www.sensinet.se\/en\/wp-json\/wp\/v2\/comments?post=51"}],"version-history":[{"count":146,"href":"https:\/\/www.sensinet.se\/en\/wp-json\/wp\/v2\/pages\/51\/revisions"}],"predecessor-version":[{"id":4839,"href":"https:\/\/www.sensinet.se\/en\/wp-json\/wp\/v2\/pages\/51\/revisions\/4839"}],"up":[{"embeddable":true,"href":"https:\/\/www.sensinet.se\/en\/wp-json\/wp\/v2\/pages\/43"}],"wp:attachment":[{"href":"https:\/\/www.sensinet.se\/en\/wp-json\/wp\/v2\/media?parent=51"}],"curies":[{"name":"wp","href":"https:\/\/api.w.org\/{rel}","templated":true}]}}